{"id":58,"date":"2024-12-02T09:05:01","date_gmt":"2024-12-02T09:05:01","guid":{"rendered":"http:\/\/www.fern-bedienung.de\/?page_id=58"},"modified":"2024-12-04T13:36:53","modified_gmt":"2024-12-04T13:36:53","slug":"ueber-uns","status":"publish","type":"page","link":"https:\/\/www.fern-bedienung.de\/?page_id=58","title":{"rendered":"\u00dcber uns"},"content":{"rendered":"<div class=\"fusion-fullwidth fullwidth-box fusion-builder-row-1 fusion-flex-container has-pattern-background has-mask-background nonhundred-percent-fullwidth non-hundred-percent-height-scrolling\" style=\"--awb-border-radius-top-left:0px;--awb-border-radius-top-right:0px;--awb-border-radius-bottom-right:0px;--awb-border-radius-bottom-left:0px;--awb-padding-top:40px;--awb-padding-right:40px;--awb-padding-bottom:40px;--awb-padding-left:40px;--awb-background-color:var(--awb-color1);--awb-flex-wrap:wrap;\" ><div class=\"fusion-builder-row fusion-row fusion-flex-align-items-flex-start fusion-flex-content-wrap\" style=\"max-width:1248px;margin-left: calc(-4% \/ 2 );margin-right: calc(-4% \/ 2 );\"><div class=\"fusion-layout-column fusion_builder_column fusion-builder-column-0 fusion_builder_column_2_3 2_3 fusion-flex-column\" style=\"--awb-padding-right:80px;--awb-padding-right-medium:0px;--awb-padding-right-small:0px;--awb-bg-size:cover;--awb-width-large:66.666666666667%;--awb-margin-top-large:0px;--awb-spacing-right-large:2.88%;--awb-margin-bottom-large:20px;--awb-spacing-left-large:2.88%;--awb-width-medium:66.666666666667%;--awb-order-medium:0;--awb-spacing-right-medium:2.88%;--awb-spacing-left-medium:2.88%;--awb-width-small:100%;--awb-order-small:0;--awb-spacing-right-small:1.92%;--awb-spacing-left-small:1.92%;\" data-scroll-devices=\"small-visibility,medium-visibility,large-visibility\"><div class=\"fusion-column-wrapper fusion-column-has-shadow fusion-flex-justify-content-flex-start fusion-content-layout-column\"><div class=\"fusion-title title fusion-title-1 fusion-sep-none fusion-title-text fusion-title-size-one\"><h1 class=\"fusion-title-heading title-heading-left\" style=\"margin:0;\">\u00dcber uns<\/h1><\/div><div class=\"fusion-separator fusion-full-width-sep\" style=\"align-self: center;margin-left: auto;margin-right: auto;margin-bottom:30px;width:100%;\"><div class=\"fusion-separator-border sep-single sep-dotted\" style=\"--awb-height:20px;--awb-amount:20px;--awb-sep-color:var(--awb-color4);border-color:var(--awb-color4);border-top-width:5px;\"><\/div><\/div><div class=\"fusion-text fusion-text-1\"><p><strong>Qualit\u00e4t ist unsere Philosophie &#8211;<\/strong><br \/>\n<strong>und daf\u00fcr stehen wir mit unserem Namen.<\/strong><\/p>\n<p>Wir sind der Partyservice Fernbedienung, der mit seinen kulinarischen Spezialit\u00e4ten zum Gelingen Ihrer Veranstaltung beitragen m\u00f6chte.<\/p>\n<p>Unseren Ursprung haben wir im Gasthaus Rad in Scharenstetten, das vor \u00fcber 100 Jahren gegr\u00fcndet und bis in die dritte Generation gef\u00fchrt wurde. Bereits seit 40 Jahren bieten wir Au\u00dfer-Haus-Lieferungen an. Auf den Partyservice haben wir uns vor einigen Jahren spezialisiert.<\/p>\n<p>Ob im kleinen oder gro\u00dfen Rahmen, egal ob Firmenevent, Hochzeit, Geburtstag etc., wir verwirklichen Ihre W\u00fcnsche, damit sich Ihre G\u00e4ste wohlf\u00fchlen und Ihr Fest zu einem einzigartigen Erlebnis wird. Selbstverst\u00e4ndlich verwendet unser K\u00fcchenchef ausschlie\u00dflich beste Produkte, die wir frisch zubereiten und attraktiv servieren.<\/p>\n<p>Verw\u00f6hnen Sie Ihre G\u00e4ste und sich selbst \u2013 und sollten Sie besondere W\u00fcnsche haben, die von unserer Karte abweichen, sprechen Sie bitte mit uns. Wir unterbreiten Ihnen auch gerne individuelle Arrangements.<\/p>\n<\/div><\/div><\/div><div class=\"fusion-layout-column fusion_builder_column fusion-builder-column-1 fusion_builder_column_1_3 1_3 fusion-flex-column\" style=\"--awb-bg-size:cover;--awb-width-large:33.333333333333%;--awb-margin-top-large:0px;--awb-spacing-right-large:5.76%;--awb-margin-bottom-large:20px;--awb-spacing-left-large:5.76%;--awb-width-medium:33.333333333333%;--awb-order-medium:0;--awb-spacing-right-medium:5.76%;--awb-spacing-left-medium:5.76%;--awb-width-small:100%;--awb-order-small:0;--awb-spacing-right-small:1.92%;--awb-spacing-left-small:1.92%;\"><div class=\"fusion-column-wrapper fusion-column-has-shadow fusion-flex-justify-content-flex-start fusion-content-layout-column\"><div class=\"fusion-title title fusion-title-2 fusion-sep-none fusion-title-text fusion-title-size-one\"><h1 class=\"fusion-title-heading title-heading-left\" style=\"margin:0;\"><p>Partyservice<br \/>\nFernbedienung<\/p><\/h1><\/div><div class=\"fusion-text fusion-text-2\"><p>Ahornweg 4<br \/>\n89160 Dornstadt-Scharenstetten<\/p>\n<p>Tel.: 0 73 36 \/ 2 78<br \/>\nMobil: 01 71 \/ 3 13 69 47<br \/>\n<a href=\"mailto:info@fern-bedienung.de\">info@fern-bedienung.de<\/a><\/p>\n<\/div><\/div><\/div><\/div><\/div>\n","protected":false},"excerpt":{"rendered":"","protected":false},"author":2,"featured_media":0,"parent":0,"menu_order":0,"comment_status":"closed","ping_status":"closed","template":"","meta":{"footnotes":""},"class_list":["post-58","page","type-page","status-publish","hentry"],"_links":{"self":[{"href":"https:\/\/www.fern-bedienung.de\/index.php?rest_route=\/wp\/v2\/pages\/58","targetHints":{"allow":["GET"]}}],"collection":[{"href":"https:\/\/www.fern-bedienung.de\/index.php?rest_route=\/wp\/v2\/pages"}],"about":[{"href":"https:\/\/www.fern-bedienung.de\/index.php?rest_route=\/wp\/v2\/types\/page"}],"author":[{"embeddable":true,"href":"https:\/\/www.fern-bedienung.de\/index.php?rest_route=\/wp\/v2\/users\/2"}],"replies":[{"embeddable":true,"href":"https:\/\/www.fern-bedienung.de\/index.php?rest_route=%2Fwp%2Fv2%2Fcomments&post=58"}],"version-history":[{"count":15,"href":"https:\/\/www.fern-bedienung.de\/index.php?rest_route=\/wp\/v2\/pages\/58\/revisions"}],"predecessor-version":[{"id":252,"href":"https:\/\/www.fern-bedienung.de\/index.php?rest_route=\/wp\/v2\/pages\/58\/revisions\/252"}],"wp:attachment":[{"href":"https:\/\/www.fern-bedienung.de\/index.php?rest_route=%2Fwp%2Fv2%2Fmedia&parent=58"}],"curies":[{"name":"wp","href":"https:\/\/api.w.org\/{rel}","templated":true}]}}